{"id":4979,"date":"2024-11-01T17:37:17","date_gmt":"2024-11-01T17:37:17","guid":{"rendered":"https:\/\/laceramicaria.es\/?page_id=4979"},"modified":"2026-02-20T15:17:47","modified_gmt":"2026-02-20T15:17:47","slug":"reservas","status":"publish","type":"page","link":"https:\/\/laceramicaria.es\/eng\/reservas\/","title":{"rendered":"Bookings"},"content":{"rendered":"<p>[et_pb_section fb_built=\u00bb1&#8243; _builder_version=\u00bb4.27.3&#8243; _module_preset=\u00bbdefault\u00bb background_color=\u00bb#eae9e2&#8243; custom_padding=\u00bb1px|0px|1px|0px|false|false\u00bb global_colors_info=\u00bb{}\u00bb][et_pb_row admin_label=\u00bbHero Area\u00bb _builder_version=\u00bb4.27.4&#8243; positioning=\u00bbnone\u00bb position_origin_a=\u00bbcenter_center\u00bb width=\u00bb96%\u00bb scroll_fade=\u00bb0|60|60|74|100%|100%|0%\u00bb scroll_blur=\u00bb0|0|61|61|10|0|0&#8243; scroll_fade_tablet=\u00bb0|82|82|100|100%|100%|0%\u00bb scroll_fade_phone=\u00bb0|82|82|100|100%|100%|0%\u00bb scroll_fade_last_edited=\u00bbon|desktop\u00bb border_color_all=\u00bb#AFDADB\u00bb global_colors_info=\u00bb{}\u00bb][et_pb_column type=\u00bb4_4&#8243; _builder_version=\u00bb4.23.1&#8243; _module_preset=\u00bbdefault\u00bb global_colors_info=\u00bb{}\u00bb][et_pb_text admin_label=\u00bbTitle\u00bb _builder_version=\u00bb4.27.4&#8243; text_font=\u00bbFutura Passata 2||||||||\u00bb header_font=\u00bbFuturaPassata|100|||||||\u00bb header_text_align=\u00bbleft\u00bb header_text_color=\u00bb#0d41ea\u00bb header_font_size=\u00bb4em\u00bb header_2_font=\u00bb||||||||\u00bb background_color=\u00bbRGBA(255,255,255,0)\u00bb text_orientation=\u00bbright\u00bb background_layout=\u00bbdark\u00bb module_alignment=\u00bbcenter\u00bb custom_margin=\u00bb|0px|-10px|0px|false|false\u00bb custom_margin_tablet=\u00bb|||0px|false|false\u00bb custom_margin_phone=\u00bb16px|||0px|false|false\u00bb custom_margin_last_edited=\u00bbon|phone\u00bb custom_padding=\u00bb0px|0px|0px|0px|false|false\u00bb custom_padding_tablet=\u00bb|0px||0px|false|false\u00bb custom_padding_phone=\u00bb|0px||0px|false|false\u00bb custom_padding_last_edited=\u00bbon|phone\u00bb header_text_align_tablet=\u00bbleft\u00bb header_text_align_phone=\u00bbleft\u00bb header_text_align_last_edited=\u00bbon|phone\u00bb header_font_size_tablet=\u00bb13vw\u00bb header_font_size_phone=\u00bb15vw\u00bb header_font_size_last_edited=\u00bbon|tablet\u00bb border_color_right=\u00bbRGBA(255,255,255,0)\u00bb border_width_left=\u00bb0px\u00bb border_color_left=\u00bbRGBA(255,255,255,0)\u00bb border_color_right_tablet=\u00bbRGBA(255,255,255,0)\u00bb border_color_right_phone=\u00bbRGBA(255,255,255,0)\u00bb border_color_right_last_edited=\u00bbon|phone\u00bb border_color_left_tablet=\u00bb#FFFFFF\u00bb border_color_left_phone=\u00bbRGBA(255,255,255,0)\u00bb border_color_left_last_edited=\u00bbon|tablet\u00bb global_colors_info=\u00bb{}\u00bb]<\/p>\n<h1 style=\"text-align: center;\">BOOKINGS<\/h1>\n<p>[\/et_pb_text][et_pb_divider show_divider=\u00bboff\u00bb disabled_on=\u00bbon|on|off\u00bb _builder_version=\u00bb4.23.1&#8243; _module_preset=\u00bbdefault\u00bb positioning=\u00bbabsolute\u00bb vertical_offset=\u00bb45px\u00bb horizontal_offset=\u00bb61px\u00bb custom_padding=\u00bb||||false|false\u00bb global_colors_info=\u00bb{}\u00bb][\/et_pb_divider][\/et_pb_column][\/et_pb_row][et_pb_row _builder_version=\u00bb4.27.4&#8243; _module_preset=\u00bbdefault\u00bb width=\u00bb96%\u00bb width_tablet=\u00bb96%\u00bb width_phone=\u00bb95%\u00bb width_last_edited=\u00bbon|phone\u00bb custom_padding=\u00bb0px||0px||false|false\u00bb global_colors_info=\u00bb{}\u00bb][et_pb_column type=\u00bb4_4&#8243; _builder_version=\u00bb4.25.0&#8243; _module_preset=\u00bbdefault\u00bb global_colors_info=\u00bb{}\u00bb][et_pb_text _builder_version=\u00bb4.27.4&#8243; _module_preset=\u00bbdefault\u00bb text_font=\u00bb||||||||\u00bb text_text_color=\u00bb#0d41ea\u00bb text_font_size=\u00bb28px\u00bb text_line_height=\u00bb1.4em\u00bb text_orientation=\u00bbcenter\u00bb custom_padding=\u00bb30px|20px|30px|20px|true|true\u00bb custom_padding_tablet=\u00bb30px|20px|30px|20px|true|true\u00bb custom_padding_phone=\u00bb30px|5px|30px|5px|true|true\u00bb custom_padding_last_edited=\u00bbon|phone\u00bb border_radii=\u00bbon|25px|25px|25px|25px\u00bb border_width_all=\u00bb2px\u00bb border_color_all=\u00bb#0d41ea\u00bb global_colors_info=\u00bb{}\u00bb]<\/p>\n<p>To come and paint, you need to book in advance at one of our studios.<br \/>Below, we provide the direct link to each one.<\/p>\n<p>[\/et_pb_text][\/et_pb_column][\/et_pb_row][et_pb_row column_structure=\u00bb1_3,1_3,1_3&#8243; use_custom_gutter=\u00bbon\u00bb make_equal=\u00bbon\u00bb _builder_version=\u00bb4.27.3&#8243; _module_preset=\u00bbdefault\u00bb width=\u00bb96%\u00bb width_tablet=\u00bb96%\u00bb width_phone=\u00bb96%\u00bb width_last_edited=\u00bbon|phone\u00bb custom_padding=\u00bb|0px||0px|false|false\u00bb global_colors_info=\u00bb{}\u00bb][et_pb_column type=\u00bb1_3&#8243; _builder_version=\u00bb4.25.0&#8243; _module_preset=\u00bbdefault\u00bb global_colors_info=\u00bb{}\u00bb][et_pb_text _builder_version=\u00bb4.27.4&#8243; _module_preset=\u00bbdefault\u00bb text_font=\u00bbFuturaPassata||||||||\u00bb text_text_color=\u00bb#FFFFFF\u00bb text_font_size=\u00bb35px\u00bb text_letter_spacing=\u00bb2px\u00bb text_line_height=\u00bb0.2em\u00bb header_3_font=\u00bbFuturaPassata|100|||||||\u00bb header_3_text_color=\u00bb#EAE9E1&#8243; header_3_font_size=\u00bb35px\u00bb background_enable_color=\u00bboff\u00bb background_image=\u00bbhttps:\/\/laceramicaria.es\/wp-content\/uploads\/2025\/02\/medio-circulo.png\u00bb background_size=\u00bbcontain\u00bb positioning=\u00bbrelative\u00bb width=\u00bb100%\u00bb module_alignment=\u00bbcenter\u00bb custom_margin=\u00bb|0px||0px|false|true\u00bb custom_padding=\u00bb60px|0px|80px|0px|false|false\u00bb link_option_url=\u00bbhttps:\/\/book.easytable.com\/book\/?id=c14b3&#038;lang=auto\u00bb link_option_url_new_window=\u00bbon\u00bb header_3_font_size_tablet=\u00bb35px\u00bb header_3_font_size_phone=\u00bb35px\u00bb header_3_font_size_last_edited=\u00bbon|phone\u00bb custom_css_main_element=\u00bb\/* Desactiva la transici\u00f3n de opacidad *\/||  transition: opacity 1.3s ease-in-out !important; \/* Ajusta el tiempo y el tipo de easing seg\u00fan lo desees *\/||||\u00bb global_colors_info=\u00bb{}\u00bb background__hover_enabled=\u00bbon|desktop\u00bb background_color__hover=\u00bb\u00bb background_enable_color__hover=\u00bboff\u00bb z_index__hover_enabled=\u00bbon|desktop\u00bb vertical_offset__hover_enabled=\u00bbon|hover\u00bb vertical_offset__hover=\u00bb-5px\u00bb text_text_color__hover_enabled=\u00bbon|hover\u00bb text_text_color__hover=\u00bb#0D41EA\u00bb filter_hue_rotate__hover_enabled=\u00bbon|hover\u00bb background_image__hover=\u00bbhttps:\/\/laceramicaria.es\/wp-content\/uploads\/2025\/02\/medio-circulo-hover.png\u00bb background_enable_image__hover=\u00bbon\u00bb]<\/p>\n<h3 style=\"text-align: center;\">RESERVE<\/h3>\n<h3 style=\"text-align: center;\">EN BORN<\/h3>\n<p>[\/et_pb_text][\/et_pb_column][et_pb_column type=\u00bb1_3&#8243; _builder_version=\u00bb4.27.3&#8243; _module_preset=\u00bbdefault\u00bb global_colors_info=\u00bb{}\u00bb][et_pb_text _builder_version=\u00bb4.27.4&#8243; _module_preset=\u00bbdefault\u00bb text_font=\u00bbFuturaPassata||||||||\u00bb text_text_color=\u00bb#FFFFFF\u00bb text_font_size=\u00bb35px\u00bb text_letter_spacing=\u00bb2px\u00bb text_line_height=\u00bb0.2em\u00bb header_3_font=\u00bbFuturaPassata|100|||||||\u00bb header_3_text_color=\u00bb#EAE9E1&#8243; header_3_font_size=\u00bb35px\u00bb background_enable_color=\u00bboff\u00bb background_image=\u00bbhttps:\/\/laceramicaria.es\/wp-content\/uploads\/2025\/02\/medio-circulo.png\u00bb background_size=\u00bbcontain\u00bb positioning=\u00bbrelative\u00bb custom_margin=\u00bb|0px||0px|false|true\u00bb custom_padding=\u00bb60px|0px|80px|0px|false|false\u00bb link_option_url=\u00bbhttps:\/\/book.easytable.com\/book\/?id=e7344&#038;lang=auto\u00bb link_option_url_new_window=\u00bbon\u00bb header_3_font_size_tablet=\u00bb35px\u00bb header_3_font_size_phone=\u00bb35px\u00bb header_3_font_size_last_edited=\u00bbon|tablet\u00bb custom_css_main_element=\u00bb\/* Desactiva la transici\u00f3n de opacidad *\/||  transition: opacity 1.3s ease-in-out !important; \/* Ajusta el tiempo y el tipo de easing seg\u00fan lo desees *\/||||\u00bb global_colors_info=\u00bb{}\u00bb background_enable_color__hover=\u00bboff\u00bb vertical_offset__hover=\u00bb-5px\u00bb vertical_offset__hover_enabled=\u00bbon|hover\u00bb z_index__hover_enabled=\u00bbon|desktop\u00bb text_text_color__hover=\u00bb#0D41EA\u00bb text_text_color__hover_enabled=\u00bbon|hover\u00bb background_image__hover=\u00bbhttps:\/\/laceramicaria.es\/wp-content\/uploads\/2025\/02\/medio-circulo-hover.png\u00bb background_enable_image__hover=\u00bbon\u00bb filter_hue_rotate__hover_enabled=\u00bbon|hover\u00bb background__hover_enabled=\u00bbon|desktop\u00bb]<\/p>\n<h3 style=\"text-align: center;\">RESERVE<\/h3>\n<h3 style=\"text-align: center;\">EN SANTS<\/h3>\n<p>[\/et_pb_text][\/et_pb_column][et_pb_column type=\u00bb1_3&#8243; _builder_version=\u00bb4.25.0&#8243; _module_preset=\u00bbdefault\u00bb global_colors_info=\u00bb{}\u00bb][et_pb_text _builder_version=\u00bb4.27.4&#8243; _module_preset=\u00bbdefault\u00bb text_font=\u00bbFuturaPassata||||||||\u00bb text_text_color=\u00bb#FFFFFF\u00bb text_font_size=\u00bb35px\u00bb text_letter_spacing=\u00bb2px\u00bb text_line_height=\u00bb0.2em\u00bb header_3_font=\u00bbFuturaPassata|100|||||||\u00bb header_3_text_color=\u00bb#EAE9E1&#8243; header_3_font_size=\u00bb35px\u00bb background_enable_color=\u00bboff\u00bb background_image=\u00bbhttps:\/\/laceramicaria.es\/wp-content\/uploads\/2025\/02\/medio-circulo.png\u00bb background_size=\u00bbcontain\u00bb positioning=\u00bbrelative\u00bb custom_margin=\u00bb|0px||0px|false|true\u00bb custom_padding=\u00bb60px|0px|80px|0px|false|false\u00bb link_option_url=\u00bbhttps:\/\/book.easytable.com\/book\/?id=96fef&#038;lang=auto\u00bb link_option_url_new_window=\u00bbon\u00bb custom_css_main_element=\u00bb\/* Desactiva la transici\u00f3n de opacidad *\/||  transition: opacity 1.3s ease-in-out !important; \/* Ajusta el tiempo y el tipo de easing seg\u00fan lo desees *\/||||\u00bb global_colors_info=\u00bb{}\u00bb background_enable_color__hover=\u00bboff\u00bb vertical_offset__hover=\u00bb-5px\u00bb vertical_offset__hover_enabled=\u00bbon|hover\u00bb z_index__hover_enabled=\u00bbon|desktop\u00bb text_text_color__hover=\u00bb#0D41EA\u00bb text_text_color__hover_enabled=\u00bbon|hover\u00bb background_image__hover=\u00bbhttps:\/\/laceramicaria.es\/wp-content\/uploads\/2025\/02\/medio-circulo-hover.png\u00bb background_enable_image__hover=\u00bbon\u00bb filter_hue_rotate__hover_enabled=\u00bbon|hover\u00bb background__hover_enabled=\u00bbon|desktop\u00bb]<\/p>\n<h3 style=\"text-align: center;\">RESERVE<\/h3>\n<h3 style=\"text-align: center;\">EN GR\u00c0CIA<\/h3>\n<p>[\/et_pb_text][\/et_pb_column][\/et_pb_row][et_pb_row custom_padding_last_edited=\u00bbon|phone\u00bb _builder_version=\u00bb4.27.4&#8243; _module_preset=\u00bbdefault\u00bb background_color=\u00bb#9ec2e7&#8243; width=\u00bb96%\u00bb width_tablet=\u00bb96%\u00bb width_phone=\u00bb100%\u00bb width_last_edited=\u00bbon|tablet\u00bb max_width_tablet=\u00bb\u00bb max_width_phone=\u00bb\u00bb max_width_last_edited=\u00bbon|phone\u00bb custom_margin_phone=\u00bb||||false|false\u00bb custom_margin_last_edited=\u00bboff|desktop\u00bb custom_padding=\u00bb36px|40px|36px|40px|true|false\u00bb custom_padding_tablet=\u00bb40px|40px|40px|40px|false|false\u00bb custom_padding_phone=\u00bb40px|8px|40px|8px|false|true\u00bb background_color_phone=\u00bb#9EC2E7&#8243; background_last_edited=\u00bbon|phone\u00bb background_enable_color_phone=\u00bbon\u00bb border_radii=\u00bbon|25px|25px|25px|25px\u00bb border_radii_tablet=\u00bbon|25px|25px|25px|25px\u00bb border_radii_phone=\u00bbon|0px|0px|0px|0px\u00bb border_radii_last_edited=\u00bbon|phone\u00bb box_shadow_vertical_tablet=\u00bb20px\u00bb box_shadow_vertical_phone=\u00bb0px\u00bb box_shadow_vertical_last_edited=\u00bbon|phone\u00bb box_shadow_blur_tablet=\u00bb27px\u00bb box_shadow_blur_phone=\u00bb0px\u00bb box_shadow_blur_last_edited=\u00bbon|phone\u00bb box_shadow_spread_tablet=\u00bb-26px\u00bb box_shadow_spread_phone=\u00bb0px\u00bb box_shadow_spread_last_edited=\u00bbon|phone\u00bb global_colors_info=\u00bb{}\u00bb][et_pb_column type=\u00bb4_4&#8243; _builder_version=\u00bb4.25.0&#8243; _module_preset=\u00bbdefault\u00bb global_colors_info=\u00bb{}\u00bb][et_pb_text _builder_version=\u00bb4.27.4&#8243; _module_preset=\u00bbdefault\u00bb text_font=\u00bb||||||||\u00bb text_text_color=\u00bb#0d41ea\u00bb text_font_size=\u00bb26px\u00bb text_line_height=\u00bb3em\u00bb text_orientation=\u00bbcenter\u00bb global_colors_info=\u00bb{}\u00bb]<\/p>\n<p style=\"text-align: left;\"><strong>Booking Conditions:<\/strong><\/p>\n<ul>\n<li style=\"text-align: left;\">Booking is completely free. On the day of your visit, you will only pay for the piece you choose to paint. The painting, guidance, and firing are already included in the price of the piece.<\/li>\n<li style=\"text-align: left;\">There is a minimum spend of \u20ac10 per person.<\/li>\n<li style=\"text-align: left;\">For groups of more than 5 people and for <span style=\"text-decoration: underline;\">all bookings from Friday to Sunday<\/span>, we request a credit card to guarantee the reservation. If the reservation is not canceled or modified at least 24 hours in advance, a fee of \u20ac10 per no-show person will be charged. You can modify your reservation via the confirmation email.<\/li>\n<li style=\"text-align: left;\">If a person is included in the reservation but does not paint, a \u20ac6 fee per session will apply, as we organize the space based on the number of reserved participants. <em>This does not apply to those accompanying children under 5 years old or people who require assistance.<\/em><\/li>\n<li style=\"text-align: left;\">Once your piece has been fired, we\u2019ll keep it for one month from the pick-up date provided.<\/li>\n<li style=\"text-align: left;\"><span style=\"text-decoration: underline;\">To avoid waiting when collecting your piece, we recommend coming at \u201chalf past\u201d times (for example, 10:30am, 12:30pm...), as on the hour (like 10am or 12pm) our team is usually switching shifts and may take up to 20 minutes to be available.<\/span><\/li>\n<\/ul>\n<p>[\/et_pb_text][\/et_pb_column][\/et_pb_row][et_pb_row custom_padding_last_edited=\u00bbon|phone\u00bb _builder_version=\u00bb4.27.4&#8243; _module_preset=\u00bbdefault\u00bb background_color=\u00bb#0d41ea\u00bb width=\u00bb96%\u00bb width_tablet=\u00bb96%\u00bb width_phone=\u00bb100%\u00bb width_last_edited=\u00bbon|phone\u00bb custom_margin=\u00bb30px||||false|false\u00bb custom_margin_tablet=\u00bb30px||||false|false\u00bb custom_margin_phone=\u00bb0px||||false|false\u00bb custom_margin_last_edited=\u00bbon|phone\u00bb custom_padding=\u00bb20px|40px|20px|40px|false|false\u00bb custom_padding_tablet=\u00bb40px|40px|40px|40px|false|false\u00bb custom_padding_phone=\u00bb40px|12px|40px|12px|false|true\u00bb background_color_phone=\u00bb#0d41ea\u00bb background_last_edited=\u00bbon|phone\u00bb background_enable_color_phone=\u00bbon\u00bb border_radii=\u00bbon|25px|25px|25px|25px\u00bb border_radii_tablet=\u00bbon|25px|25px|25px|25px\u00bb border_radii_phone=\u00bbon|0px|0px|0px|0px\u00bb border_radii_last_edited=\u00bbon|phone\u00bb box_shadow_vertical_tablet=\u00bb20px\u00bb box_shadow_vertical_phone=\u00bb0px\u00bb box_shadow_vertical_last_edited=\u00bbon|phone\u00bb box_shadow_blur_tablet=\u00bb27px\u00bb box_shadow_blur_phone=\u00bb0px\u00bb box_shadow_blur_last_edited=\u00bbon|phone\u00bb box_shadow_spread_tablet=\u00bb-26px\u00bb box_shadow_spread_phone=\u00bb0px\u00bb box_shadow_spread_last_edited=\u00bbon|phone\u00bb global_colors_info=\u00bb{}\u00bb][et_pb_column type=\u00bb4_4&#8243; _builder_version=\u00bb4.25.0&#8243; _module_preset=\u00bbdefault\u00bb global_colors_info=\u00bb{}\u00bb][et_pb_text _builder_version=\u00bb4.27.4&#8243; _module_preset=\u00bbdefault\u00bb text_font=\u00bb||||||||\u00bb text_text_color=\u00bb#FFFFFF\u00bb text_font_size=\u00bb26px\u00bb text_orientation=\u00bbcenter\u00bb global_colors_info=\u00bb{}\u00bb]<\/p>\n<p>Remember that you can modify or cancel your booking through the confirmation email!<\/p>\n<p>[\/et_pb_text][\/et_pb_column][\/et_pb_row][et_pb_row custom_padding_last_edited=\u00bbon|phone\u00bb _builder_version=\u00bb4.27.4&#8243; _module_preset=\u00bbdefault\u00bb width=\u00bb96%\u00bb width_tablet=\u00bb96%\u00bb width_phone=\u00bb100%\u00bb width_last_edited=\u00bbon|phone\u00bb custom_margin_tablet=\u00bb\u00bb custom_margin_phone=\u00bb0px||0px||false|false\u00bb custom_margin_last_edited=\u00bbon|phone\u00bb custom_padding_tablet=\u00bb\u00bb custom_padding_phone=\u00bb0px||0px||false|false\u00bb global_colors_info=\u00bb{}\u00bb][et_pb_column type=\u00bb4_4&#8243; _builder_version=\u00bb4.27.3&#8243; _module_preset=\u00bbdefault\u00bb global_colors_info=\u00bb{}\u00bb][et_pb_image src=\u00bbhttps:\/\/laceramicaria.es\/wp-content\/uploads\/2025\/01\/la-ceramicaria-reserva.png\u00bb alt=\u00bbla-ceramicaria-reserva\u00bb title_text=\u00bbla-ceramicaria-reserva\u00bb _builder_version=\u00bb4.27.3&#8243; _module_preset=\u00bbdefault\u00bb border_radii=\u00bbon|25px|25px|25px|25px\u00bb border_radii_tablet=\u00bbon|25px|25px|25px|25px\u00bb border_radii_phone=\u00bbon|0px|0px|0px|0px\u00bb border_radii_last_edited=\u00bbon|phone\u00bb global_colors_info=\u00bb{}\u00bb][\/et_pb_image][\/et_pb_column][\/et_pb_row][\/et_pb_section]<\/p>","protected":false},"excerpt":{"rendered":"<p>RESERVASPara venir a pintar es necesario reservar previamente en uno de nuestros talleres.Te dejamos a continuaci\u00f3n el enlace directo a cada uno.RESERVAR EN BORNRESERVAR EN SANTSRESERVAR EN GR\u00c0CIACondiciones de la Reserva: Reservar es totalmente gratuito. El d\u00eda de tu visita solo pagar\u00e1s por la pieza que elijas pintar. La pintura, la explicaci\u00f3n y la cocci\u00f3n [&hellip;]<\/p>","protected":false},"author":2,"featured_media":0,"parent":0,"menu_order":0,"comment_status":"closed","ping_status":"closed","template":"","meta":{"_et_pb_use_builder":"on","_et_pb_old_content":"","_et_gb_content_width":"","footnotes":""},"_links":{"self":[{"href":"https:\/\/laceramicaria.es\/eng\/wp-json\/wp\/v2\/pages\/4979"}],"collection":[{"href":"https:\/\/laceramicaria.es\/eng\/wp-json\/wp\/v2\/pages"}],"about":[{"href":"https:\/\/laceramicaria.es\/eng\/wp-json\/wp\/v2\/types\/page"}],"author":[{"embeddable":true,"href":"https:\/\/laceramicaria.es\/eng\/wp-json\/wp\/v2\/users\/2"}],"replies":[{"embeddable":true,"href":"https:\/\/laceramicaria.es\/eng\/wp-json\/wp\/v2\/comments?post=4979"}],"version-history":[{"count":71,"href":"https:\/\/laceramicaria.es\/eng\/wp-json\/wp\/v2\/pages\/4979\/revisions"}],"predecessor-version":[{"id":8126,"href":"https:\/\/laceramicaria.es\/eng\/wp-json\/wp\/v2\/pages\/4979\/revisions\/8126"}],"wp:attachment":[{"href":"https:\/\/laceramicaria.es\/eng\/wp-json\/wp\/v2\/media?parent=4979"}],"curies":[{"name":"wp","href":"https:\/\/api.w.org\/{rel}","templated":true}]}}