{"id":1519,"date":"2024-03-12T18:31:06","date_gmt":"2024-03-12T18:31:06","guid":{"rendered":"https:\/\/laceramicaria.es\/?page_id=1519"},"modified":"2025-01-22T19:18:14","modified_gmt":"2025-01-22T19:18:14","slug":"politica-de-privacidad","status":"publish","type":"page","link":"https:\/\/laceramicaria.es\/eng\/politica-de-privacidad\/","title":{"rendered":"Privacy Policy Terms"},"content":{"rendered":"<p>[et_pb_section fb_built=\u00bb1&#8243; admin_label=\u00bbReach Us Section\u00bb _builder_version=\u00bb4.23.1&#8243; background_color=\u00bb#eae9e2&#8243; custom_padding=\u00bb1px|0px|1px|0px|false|false\u00bb global_colors_info=\u00bb{}\u00bb][et_pb_row admin_label=\u00bbHero Area\u00bb _builder_version=\u00bb4.27.3&#8243; positioning=\u00bbnone\u00bb position_origin_a=\u00bbcenter_center\u00bb scroll_fade=\u00bb0|60|60|74|100%|100%|0%\u00bb scroll_blur=\u00bb0|0|61|61|10|0|0&#8243; hover_enabled=\u00bb0&#8243; scroll_fade_tablet=\u00bb0|82|82|100|100%|100%|0%\u00bb scroll_fade_phone=\u00bb0|82|82|100|100%|100%|0%\u00bb scroll_fade_last_edited=\u00bbon|desktop\u00bb border_color_all=\u00bb#AFDADB\u00bb locked=\u00bboff\u00bb global_colors_info=\u00bb{}\u00bb width_last_edited=\u00bbon|phone\u00bb sticky_enabled=\u00bb0&#8243; width_phone=\u00bb99%\u00bb][et_pb_column type=\u00bb4_4&#8243; _builder_version=\u00bb4.23.1&#8243; _module_preset=\u00bbdefault\u00bb global_colors_info=\u00bb{}\u00bb][et_pb_text admin_label=\u00bbTitle\u00bb _builder_version=\u00bb4.27.3&#8243; text_font=\u00bbFutura Passata 2||||||||\u00bb header_font=\u00bbFuturaPassata|600|||||||\u00bb header_text_align=\u00bbleft\u00bb header_text_color=\u00bb#0d41ea\u00bb header_font_size=\u00bb4em\u00bb header_2_font=\u00bb||||||||\u00bb background_color=\u00bbRGBA(255,255,255,0)\u00bb text_orientation=\u00bbright\u00bb background_layout=\u00bbdark\u00bb module_alignment=\u00bbcenter\u00bb custom_margin=\u00bb|0px|-10px|0px|false|false\u00bb custom_margin_tablet=\u00bb|||0px|false|false\u00bb custom_margin_phone=\u00bb16px|||0px|false|false\u00bb custom_margin_last_edited=\u00bbon|phone\u00bb custom_padding=\u00bb0px|0px|0px|0px|false|false\u00bb custom_padding_tablet=\u00bb|0px||0px|false|false\u00bb custom_padding_phone=\u00bb|0px||0px|false|false\u00bb custom_padding_last_edited=\u00bbon|phone\u00bb header_text_align_tablet=\u00bbleft\u00bb header_text_align_phone=\u00bbleft\u00bb header_text_align_last_edited=\u00bbon|phone\u00bb header_font_size_tablet=\u00bb13vw\u00bb header_font_size_phone=\u00bb15vw\u00bb header_font_size_last_edited=\u00bbon|tablet\u00bb border_color_right=\u00bbRGBA(255,255,255,0)\u00bb border_width_left=\u00bb0px\u00bb border_color_left=\u00bbRGBA(255,255,255,0)\u00bb border_color_right_tablet=\u00bbRGBA(255,255,255,0)\u00bb border_color_right_phone=\u00bbRGBA(255,255,255,0)\u00bb border_color_right_last_edited=\u00bbon|phone\u00bb border_color_left_tablet=\u00bb#FFFFFF\u00bb border_color_left_phone=\u00bbRGBA(255,255,255,0)\u00bb border_color_left_last_edited=\u00bbon|tablet\u00bb global_colors_info=\u00bb{}\u00bb]<\/p>\n<h1 style=\"text-align: center;\">Privacy Policy<\/h1>\n<p>[\/et_pb_text][et_pb_divider show_divider=\u00bboff\u00bb disabled_on=\u00bbon|on|off\u00bb _builder_version=\u00bb4.23.1&#8243; _module_preset=\u00bbdefault\u00bb positioning=\u00bbabsolute\u00bb vertical_offset=\u00bb45px\u00bb horizontal_offset=\u00bb61px\u00bb custom_padding=\u00bb||||false|false\u00bb global_colors_info=\u00bb{}\u00bb][\/et_pb_divider][\/et_pb_column][\/et_pb_row][et_pb_row _builder_version=\u00bb4.27.3&#8243; _module_preset=\u00bbdefault\u00bb background_color=\u00bbRGBA(255,255,255,0)\u00bb hover_enabled=\u00bb0&#8243; global_colors_info=\u00bb{}\u00bb width_last_edited=\u00bbon|phone\u00bb sticky_enabled=\u00bb0&#8243; width_phone=\u00bb90%\u00bb][et_pb_column type=\u00bb4_4&#8243; _builder_version=\u00bb4.23.1&#8243; _module_preset=\u00bbdefault\u00bb global_colors_info=\u00bb{}\u00bb][et_pb_text _builder_version=\u00bb4.27.3&#8243; _module_preset=\u00bbdefault\u00bb text_font=\u00bbNew Spirit Medium||||||||\u00bb text_text_color=\u00bb#0d41ea\u00bb text_font_size=\u00bb26px\u00bb header_3_text_color=\u00bb#000000&#8243; header_3_font_size=\u00bb30px\u00bb text_orientation=\u00bbcenter\u00bb global_colors_info=\u00bb{}\u00bb text_font_size_phone=\u00bb23px\u00bb text_font_size_last_edited=\u00bbon|phone\u00bb header_2_font_size=\u00bb20px\u00bb text_font_size_tablet=\u00bb26px\u00bb]<\/p>\n<p style=\"text-align: left;\"><strong>Last updated on:<\/strong> 12-03-2024<\/p>\n<p style=\"text-align: left;\">This privacy policy describes how La Ceramicaria collects, uses, and protects the personal information you may provide when using our website, including information related to financial transactions through our payment gateway, in accordance with Spanish data protection and privacy regulations, including Organic Law 3\/2018, of December 5, on the Protection of Personal Data and the Guarantee of Digital Rights (LOPDGDD) and the General Data Protection Regulation (GDPR)<\/p>\n<p style=\"text-align: left;\"><strong>Information we collect<\/strong><\/p>\n<p style=\"text-align: left;\">We may collect the following personal information when you voluntarily provide it while using our website:<\/p>\n<ul style=\"text-align: left;\">\n<li>Name<\/li>\n<li>Email address<\/li>\n<li>Contact information, such as mailing address or phone number<\/li>\n<li>Billing and shipping information<\/li>\n<li>Financial data, such as credit or debit card numbers, only when you make a transaction through our payment gateway.<\/li>\n<\/ul>\n<p style=\"text-align: left;\"><strong>How we use your information<\/strong><\/p>\n<p style=\"text-align: left;\">We use the personal information collected for the following purposes:<\/p>\n<ul style=\"text-align: left;\">\n<li>To process and complete your orders, including payment processing through our payment gateway<\/li>\n<li>To send you information about our products, special offers, or other news we believe may interest you<\/li>\n<li>To improve our products and services<\/li>\n<li>To maintain the security and protection of our website and users<\/li>\n<li>To comply with our legal obligations<\/li>\n<\/ul>\n<p style=\"text-align: left;\"><strong>Disclosure of information<\/strong><\/p>\n<p style=\"text-align: left;\">We will not sell, rent, or share your personal information with third parties, except in the following cases:<\/p>\n<ul style=\"text-align: left;\">\n<li>When necessary to fulfill a request from you, such as processing an order<\/li>\n<li>When necessary to process payments through our payment gateway<\/li>\n<li>When required or permitted by law, such as responding to a court order or legal request from the government<\/li>\n<li>When necessary to protect our rights, property, or safety, or the rights, property, or safety of other users or the public<\/li>\n<\/ul>\n<p style=\"text-align: left;\"><strong>Information security<\/strong><\/p>\n<p style=\"text-align: left;\">We take reasonable measures to protect personal information from unauthorized access, loss, misuse, or alteration, especially with regard to financial data. We use encryption methods and comply with industry security standards to protect the financial information of our users.<\/p>\n<p style=\"text-align: left;\"><strong>Privacy Rights<\/strong><\/p>\n<p style=\"text-align: left;\">You have certain rights regarding your personal data, including the right to access, correct, delete, restrict processing, and object to the processing of your personal data. If you wish to exercise any of these rights, please contact us using the contact information provided below<\/p>\n<p style=\"text-align: left;\"><strong>Changes to our privacy policy<\/strong><\/p>\n<p style=\"text-align: left;\">We reserve the right to update this privacy policy at any time. Any significant changes will be notified on our website along with the effective date of the new policy.<\/p>\n<p style=\"text-align: left;\"><strong>CONTACT<\/strong><\/p>\n<p style=\"text-align: left;\">If you have any questions about our privacy policy, or if you wish to exercise your privacy rights, feel free to contact us at contacto@laceramicaria.com<\/p>\n<p>[\/et_pb_text][\/et_pb_column][\/et_pb_row][\/et_pb_section]<\/p>","protected":false},"excerpt":{"rendered":"<p>Pol\u00edtica de privacidadFecha de la \u00faltima actualizaci\u00f3n: 12-03-2024 Esta pol\u00edtica de privacidad describe c\u00f3mo La Ceramicaria recopila, utiliza y protege la informaci\u00f3n personal que puedas proporcionar cuando utilizas nuestro sitio web, incluida la informaci\u00f3n relacionada con transacciones financieras a trav\u00e9s de nuestra pasarela de pago, de acuerdo con la normativa espa\u00f1ola sobre protecci\u00f3n de datos [&hellip;]<\/p>","protected":false},"author":2,"featured_media":0,"parent":0,"menu_order":0,"comment_status":"closed","ping_status":"closed","template":"","meta":{"_et_pb_use_builder":"on","_et_pb_old_content":"","_et_gb_content_width":"","footnotes":""},"_links":{"self":[{"href":"https:\/\/laceramicaria.es\/eng\/wp-json\/wp\/v2\/pages\/1519"}],"collection":[{"href":"https:\/\/laceramicaria.es\/eng\/wp-json\/wp\/v2\/pages"}],"about":[{"href":"https:\/\/laceramicaria.es\/eng\/wp-json\/wp\/v2\/types\/page"}],"author":[{"embeddable":true,"href":"https:\/\/laceramicaria.es\/eng\/wp-json\/wp\/v2\/users\/2"}],"replies":[{"embeddable":true,"href":"https:\/\/laceramicaria.es\/eng\/wp-json\/wp\/v2\/comments?post=1519"}],"version-history":[{"count":5,"href":"https:\/\/laceramicaria.es\/eng\/wp-json\/wp\/v2\/pages\/1519\/revisions"}],"predecessor-version":[{"id":6120,"href":"https:\/\/laceramicaria.es\/eng\/wp-json\/wp\/v2\/pages\/1519\/revisions\/6120"}],"wp:attachment":[{"href":"https:\/\/laceramicaria.es\/eng\/wp-json\/wp\/v2\/media?parent=1519"}],"curies":[{"name":"wp","href":"https:\/\/api.w.org\/{rel}","templated":true}]}}