{"id":1511,"date":"2024-03-12T18:28:42","date_gmt":"2024-03-12T18:28:42","guid":{"rendered":"https:\/\/laceramicaria.es\/?page_id=1511"},"modified":"2025-07-23T18:25:40","modified_gmt":"2025-07-23T18:25:40","slug":"politica-de-cookies","status":"publish","type":"page","link":"https:\/\/laceramicaria.es\/eng\/politica-de-cookies\/","title":{"rendered":"Cookie Policy"},"content":{"rendered":"<p>[et_pb_section fb_built=\u00bb1&#8243; admin_label=\u00bbReach Us Section\u00bb _builder_version=\u00bb4.23.1&#8243; background_color=\u00bb#eae9e2&#8243; custom_padding=\u00bb1px|0px|1px|0px|false|false\u00bb global_colors_info=\u00bb{}\u00bb][et_pb_row admin_label=\u00bbHero Area\u00bb _builder_version=\u00bb4.27.4&#8243; positioning=\u00bbnone\u00bb position_origin_a=\u00bbcenter_center\u00bb width=\u00bb96%\u00bb width_tablet=\u00bb\u00bb width_phone=\u00bb99%\u00bb width_last_edited=\u00bbon|phone\u00bb scroll_fade=\u00bb0|60|60|74|100%|100%|0%\u00bb scroll_blur=\u00bb0|0|61|61|10|0|0&#8243; scroll_fade_tablet=\u00bb0|82|82|100|100%|100%|0%\u00bb scroll_fade_phone=\u00bb0|82|82|100|100%|100%|0%\u00bb scroll_fade_last_edited=\u00bbon|desktop\u00bb border_color_all=\u00bb#AFDADB\u00bb locked=\u00bboff\u00bb global_colors_info=\u00bb{}\u00bb][et_pb_column type=\u00bb4_4&#8243; _builder_version=\u00bb4.23.1&#8243; _module_preset=\u00bbdefault\u00bb global_colors_info=\u00bb{}\u00bb][et_pb_text admin_label=\u00bbTitle\u00bb _builder_version=\u00bb4.27.3&#8243; text_font=\u00bbFutura Passata 2||||||||\u00bb header_font=\u00bbFuturaPassata|600|||||||\u00bb header_text_align=\u00bbleft\u00bb header_text_color=\u00bb#0d41ea\u00bb header_font_size=\u00bb4em\u00bb header_2_font=\u00bb||||||||\u00bb background_color=\u00bbRGBA(255,255,255,0)\u00bb text_orientation=\u00bbright\u00bb background_layout=\u00bbdark\u00bb module_alignment=\u00bbcenter\u00bb custom_margin=\u00bb|0px|-10px|0px|false|false\u00bb custom_margin_tablet=\u00bb|||0px|false|false\u00bb custom_margin_phone=\u00bb16px|||0px|false|false\u00bb custom_margin_last_edited=\u00bbon|phone\u00bb custom_padding=\u00bb0px|0px|0px|0px|false|false\u00bb custom_padding_tablet=\u00bb|0px||0px|false|false\u00bb custom_padding_phone=\u00bb|0px||0px|false|false\u00bb custom_padding_last_edited=\u00bbon|phone\u00bb header_text_align_tablet=\u00bbleft\u00bb header_text_align_phone=\u00bbleft\u00bb header_text_align_last_edited=\u00bbon|phone\u00bb header_font_size_tablet=\u00bb13vw\u00bb header_font_size_phone=\u00bb15vw\u00bb header_font_size_last_edited=\u00bbon|tablet\u00bb border_color_right=\u00bbRGBA(255,255,255,0)\u00bb border_width_left=\u00bb0px\u00bb border_color_left=\u00bbRGBA(255,255,255,0)\u00bb border_color_right_tablet=\u00bbRGBA(255,255,255,0)\u00bb border_color_right_phone=\u00bbRGBA(255,255,255,0)\u00bb border_color_right_last_edited=\u00bbon|phone\u00bb border_color_left_tablet=\u00bb#FFFFFF\u00bb border_color_left_phone=\u00bbRGBA(255,255,255,0)\u00bb border_color_left_last_edited=\u00bbon|tablet\u00bb global_colors_info=\u00bb{}\u00bb]<\/p>\n<h1 style=\"text-align: center;\">COOKIE POLICY<\/h1>\n<p>[\/et_pb_text][et_pb_divider show_divider=\u00bboff\u00bb disabled_on=\u00bbon|on|off\u00bb _builder_version=\u00bb4.23.1&#8243; _module_preset=\u00bbdefault\u00bb positioning=\u00bbabsolute\u00bb vertical_offset=\u00bb45px\u00bb horizontal_offset=\u00bb61px\u00bb custom_padding=\u00bb||||false|false\u00bb global_colors_info=\u00bb{}\u00bb][\/et_pb_divider][\/et_pb_column][\/et_pb_row][et_pb_row _builder_version=\u00bb4.27.4&#8243; _module_preset=\u00bbdefault\u00bb background_color=\u00bbRGBA(255,255,255,0)\u00bb width=\u00bb96%\u00bb width_tablet=\u00bb\u00bb width_phone=\u00bb90%\u00bb width_last_edited=\u00bbon|phone\u00bb global_colors_info=\u00bb{}\u00bb][et_pb_column type=\u00bb4_4&#8243; _builder_version=\u00bb4.23.1&#8243; _module_preset=\u00bbdefault\u00bb global_colors_info=\u00bb{}\u00bb][et_pb_text _builder_version=\u00bb4.27.3&#8243; _module_preset=\u00bbdefault\u00bb text_font=\u00bbNew Spirit Medium||||||||\u00bb text_text_color=\u00bb#0d41ea\u00bb text_font_size=\u00bb26px\u00bb header_2_font_size=\u00bb20px\u00bb header_3_text_color=\u00bb#000000&#8243; header_3_font_size=\u00bb30px\u00bb text_orientation=\u00bbcenter\u00bb text_font_size_tablet=\u00bb26px\u00bb text_font_size_phone=\u00bb23px\u00bb text_font_size_last_edited=\u00bbon|phone\u00bb global_colors_info=\u00bb{}\u00bb]<\/p>\n<p style=\"text-align: left;\"><strong>Last updated on:<\/strong> 12-03-2024<\/p>\n<p style=\"text-align: left;\">This Cookie Policy describes how La Ceramicaria uses cookies and similar technologies on its website in accordance with Spanish data protection and privacy regulations, including Law 34\/2002, of July 11, on Information Society Services and Electronic Commerce (LSSI-CE) and the General Data Protection Regulation (GDPR).<\/p>\n<p style=\"text-align: left;\"><strong>What are cookies and how do they work?<\/strong><\/p>\n<p style=\"text-align: left;\">Cookies are small text files that are stored on your device when you visit a website. These files contain information that is used to improve the user experience, such as remembering your preferences and session settings.<\/p>\n<p style=\"text-align: left;\"><strong>How do we use cookies?<\/strong><\/p>\n<ul style=\"text-align: left;\">\n<li><strong>Necessary cookies:<\/strong> These cookies are essential for the basic functionality of our website. They include, for example, cookies that allow you to log into secure areas of our site<\/li>\n<li><strong>Performance cookies:<\/strong> We use performance cookies to collect information about how you interact with our website, such as the pages you visit and any errors you may encounter. This information helps us improve the performance of our site.<\/li>\n<li><strong>Functionality cookies:<\/strong> These cookies are used to remember your preferences and settings when using our website. For example, we may use functionality cookies to remember your username and language preferences<\/li>\n<li><strong>Marketing Cookies:<\/strong> We use marketing cookies to show you relevant ads both on our website and on other websites. These cookies can track your browsing activity to display ads that are of interest to you.<\/li>\n<\/ul>\n<p style=\"text-align: left;\"><strong>User consent<\/strong><\/p>\n<p style=\"text-align: left;\">By using our website, you consent to the use of cookies in accordance with this policy. Before using non-essential cookies, we will request your explicit consent through a cookie banner.<\/p>\n<p style=\"text-align: left;\"><strong>Cookies Control<\/strong><\/p>\n<p style=\"text-align: left;\">You can control and manage the use of cookies on your device by adjusting your browser settings. However, disabling certain cookies may affect the functionality of our website<\/p>\n<p style=\"text-align: left;\"><strong>If you have any questions about our cookie policy, feel free to contact us at contacto@laceramicaria.com<\/strong><\/p>\n<p style=\"text-align: left;\">We reserve the right to update this cookie policy at any time. Any significant changes will be notified on our website along with the effective date of the new policy.<\/p>\n<p style=\"text-align: left;\"><strong>CONTACT<\/strong><\/p>\n<p style=\"text-align: left;\">If you have any questions about our cookie policy, feel free to contact us at info@laceramicaria.com<\/p>\n<p>[\/et_pb_text][\/et_pb_column][\/et_pb_row][\/et_pb_section]<\/p>","protected":false},"excerpt":{"rendered":"<p>Pol\u00edtica de cookiesFecha de la \u00faltima actualizaci\u00f3n: 12-03-2024 Esta pol\u00edtica de cookies describe c\u00f3mo La Ceramicaria utiliza cookies y tecnolog\u00edas similares en su sitio web de acuerdo con la normativa espa\u00f1ola sobre protecci\u00f3n de datos y privacidad, incluida la Ley 34\/2002, de 11 de julio, de Servicios de la Sociedad de la Informaci\u00f3n y de [&hellip;]<\/p>","protected":false},"author":2,"featured_media":0,"parent":0,"menu_order":0,"comment_status":"closed","ping_status":"closed","template":"","meta":{"_et_pb_use_builder":"on","_et_pb_old_content":"","_et_gb_content_width":"","footnotes":""},"_links":{"self":[{"href":"https:\/\/laceramicaria.es\/eng\/wp-json\/wp\/v2\/pages\/1511"}],"collection":[{"href":"https:\/\/laceramicaria.es\/eng\/wp-json\/wp\/v2\/pages"}],"about":[{"href":"https:\/\/laceramicaria.es\/eng\/wp-json\/wp\/v2\/types\/page"}],"author":[{"embeddable":true,"href":"https:\/\/laceramicaria.es\/eng\/wp-json\/wp\/v2\/users\/2"}],"replies":[{"embeddable":true,"href":"https:\/\/laceramicaria.es\/eng\/wp-json\/wp\/v2\/comments?post=1511"}],"version-history":[{"count":11,"href":"https:\/\/laceramicaria.es\/eng\/wp-json\/wp\/v2\/pages\/1511\/revisions"}],"predecessor-version":[{"id":7677,"href":"https:\/\/laceramicaria.es\/eng\/wp-json\/wp\/v2\/pages\/1511\/revisions\/7677"}],"wp:attachment":[{"href":"https:\/\/laceramicaria.es\/eng\/wp-json\/wp\/v2\/media?parent=1511"}],"curies":[{"name":"wp","href":"https:\/\/api.w.org\/{rel}","templated":true}]}}