{"id":1511,"date":"2024-03-12T18:28:42","date_gmt":"2024-03-12T18:28:42","guid":{"rendered":"https:\/\/laceramicaria.es\/?page_id=1511"},"modified":"2025-07-23T18:25:40","modified_gmt":"2025-07-23T18:25:40","slug":"politica-de-cookies","status":"publish","type":"page","link":"https:\/\/laceramicaria.es\/cat\/politica-de-cookies\/","title":{"rendered":"Pol\u00edtica de Cookie"},"content":{"rendered":"<p>[et_pb_section fb_built=\u00bb1&#8243; admin_label=\u00bbReach Us Section\u00bb _builder_version=\u00bb4.23.1&#8243; background_color=\u00bb#eae9e2&#8243; custom_padding=\u00bb1px|0px|1px|0px|false|false\u00bb global_colors_info=\u00bb{}\u00bb][et_pb_row admin_label=\u00bbHero Area\u00bb _builder_version=\u00bb4.27.4&#8243; positioning=\u00bbnone\u00bb position_origin_a=\u00bbcenter_center\u00bb width=\u00bb96%\u00bb width_tablet=\u00bb\u00bb width_phone=\u00bb99%\u00bb width_last_edited=\u00bbon|phone\u00bb scroll_fade=\u00bb0|60|60|74|100%|100%|0%\u00bb scroll_blur=\u00bb0|0|61|61|10|0|0&#8243; scroll_fade_tablet=\u00bb0|82|82|100|100%|100%|0%\u00bb scroll_fade_phone=\u00bb0|82|82|100|100%|100%|0%\u00bb scroll_fade_last_edited=\u00bbon|desktop\u00bb border_color_all=\u00bb#AFDADB\u00bb locked=\u00bboff\u00bb global_colors_info=\u00bb{}\u00bb][et_pb_column type=\u00bb4_4&#8243; _builder_version=\u00bb4.23.1&#8243; _module_preset=\u00bbdefault\u00bb global_colors_info=\u00bb{}\u00bb][et_pb_text admin_label=\u00bbTitle\u00bb _builder_version=\u00bb4.27.3&#8243; text_font=\u00bbFutura Passata 2||||||||\u00bb header_font=\u00bbFuturaPassata|600|||||||\u00bb header_text_align=\u00bbleft\u00bb header_text_color=\u00bb#0d41ea\u00bb header_font_size=\u00bb4em\u00bb header_2_font=\u00bb||||||||\u00bb background_color=\u00bbRGBA(255,255,255,0)\u00bb text_orientation=\u00bbright\u00bb background_layout=\u00bbdark\u00bb module_alignment=\u00bbcenter\u00bb custom_margin=\u00bb|0px|-10px|0px|false|false\u00bb custom_margin_tablet=\u00bb|||0px|false|false\u00bb custom_margin_phone=\u00bb16px|||0px|false|false\u00bb custom_margin_last_edited=\u00bbon|phone\u00bb custom_padding=\u00bb0px|0px|0px|0px|false|false\u00bb custom_padding_tablet=\u00bb|0px||0px|false|false\u00bb custom_padding_phone=\u00bb|0px||0px|false|false\u00bb custom_padding_last_edited=\u00bbon|phone\u00bb header_text_align_tablet=\u00bbleft\u00bb header_text_align_phone=\u00bbleft\u00bb header_text_align_last_edited=\u00bbon|phone\u00bb header_font_size_tablet=\u00bb13vw\u00bb header_font_size_phone=\u00bb15vw\u00bb header_font_size_last_edited=\u00bbon|tablet\u00bb border_color_right=\u00bbRGBA(255,255,255,0)\u00bb border_width_left=\u00bb0px\u00bb border_color_left=\u00bbRGBA(255,255,255,0)\u00bb border_color_right_tablet=\u00bbRGBA(255,255,255,0)\u00bb border_color_right_phone=\u00bbRGBA(255,255,255,0)\u00bb border_color_right_last_edited=\u00bbon|phone\u00bb border_color_left_tablet=\u00bb#FFFFFF\u00bb border_color_left_phone=\u00bbRGBA(255,255,255,0)\u00bb border_color_left_last_edited=\u00bbon|tablet\u00bb global_colors_info=\u00bb{}\u00bb]<\/p>\n<h1 style=\"text-align: center;\">Pol\u00edtica de cookies<\/h1>\n<p>[\/et_pb_text][et_pb_divider show_divider=\u00bboff\u00bb disabled_on=\u00bbon|on|off\u00bb _builder_version=\u00bb4.23.1&#8243; _module_preset=\u00bbdefault\u00bb positioning=\u00bbabsolute\u00bb vertical_offset=\u00bb45px\u00bb horizontal_offset=\u00bb61px\u00bb custom_padding=\u00bb||||false|false\u00bb global_colors_info=\u00bb{}\u00bb][\/et_pb_divider][\/et_pb_column][\/et_pb_row][et_pb_row _builder_version=\u00bb4.27.4&#8243; _module_preset=\u00bbdefault\u00bb background_color=\u00bbRGBA(255,255,255,0)\u00bb width=\u00bb96%\u00bb width_tablet=\u00bb\u00bb width_phone=\u00bb90%\u00bb width_last_edited=\u00bbon|phone\u00bb global_colors_info=\u00bb{}\u00bb][et_pb_column type=\u00bb4_4&#8243; _builder_version=\u00bb4.23.1&#8243; _module_preset=\u00bbdefault\u00bb global_colors_info=\u00bb{}\u00bb][et_pb_text _builder_version=\u00bb4.27.3&#8243; _module_preset=\u00bbdefault\u00bb text_font=\u00bbNew Spirit Medium||||||||\u00bb text_text_color=\u00bb#0d41ea\u00bb text_font_size=\u00bb26px\u00bb header_2_font_size=\u00bb20px\u00bb header_3_text_color=\u00bb#000000&#8243; header_3_font_size=\u00bb30px\u00bb text_orientation=\u00bbcenter\u00bb text_font_size_tablet=\u00bb26px\u00bb text_font_size_phone=\u00bb23px\u00bb text_font_size_last_edited=\u00bbon|phone\u00bb global_colors_info=\u00bb{}\u00bb]<\/p>\n<p style=\"text-align: left;\"><strong>Data de l'\u00faltima actualitzaci\u00f3:<\/strong> 12-03-2024<\/p>\n<p style=\"text-align: left;\">Aquesta pol\u00edtica de cookies descriu com La Ceramicaria utilitza cookies i tecnologies similars al seu lloc web d'acord amb la normativa espanyola sobre protecci\u00f3 de dades i privacitat, incloent-hi la Llei 34\/2002, de 11 de juliol, de Serveis de la Societat de la Informaci\u00f3 i de Comer\u00e7 Electr\u00f2nic (LSSI-CE) i el Reglament General de Protecci\u00f3 de Dades (RGPD).<\/p>\n<p style=\"text-align: left;\"><strong>Qu\u00e8 s\u00f3n les cookies?<\/strong><\/p>\n<p style=\"text-align: left;\">Les cookies s\u00f3n petits arxius de text que es desaven al teu dispositiu quan visites un lloc web. Aquests arxius contenen informaci\u00f3 que s'utilitza per millorar l'experi\u00e8ncia de l'usuari, com recordar les teves prefer\u00e8ncies i configuracions de sessi\u00f3.<\/p>\n<p style=\"text-align: left;\"><strong>Com utilitzem les cookies?<\/strong><\/p>\n<ul style=\"text-align: left;\">\n<li><strong>Cookies essencials:<\/strong> Aquestes cookies s\u00f3n necess\u00e0ries per al funcionament b\u00e0sic del nostre lloc web. Inclouen, per exemple, cookies que et permeten iniciar sessi\u00f3 a \u00e0rees segures del nostre lloc.<\/li>\n<li><strong>Cookies de rendiment:<\/strong> Utilitzem cookies de rendiment per recollir informaci\u00f3 sobre com interactues amb el nostre lloc web, com les p\u00e0gines que visites i qualsevol error que puguis experimentar. Aquesta informaci\u00f3 ens ajuda a millorar el rendiment del nostre lloc.<\/li>\n<li><strong>Cookies de funcionalitat:<\/strong> Aquestes cookies s'utilitzen per recordar les teves prefer\u00e8ncies i configuracions quan utilitzes el nostre lloc web. Per exemple, podem utilitzar cookies de funcionalitat per recordar el teu nom d'usuari i les teves prefer\u00e8ncies d'idioma.<\/li>\n<li><strong>Cookies de m\u00e0rqueting:<\/strong> Utilitzem cookies de m\u00e0rqueting per mostrar-te anuncis rellevants tant al nostre lloc web com en altres llocs web. Aquestes cookies poden fer un seguiment de la teva activitat de navegaci\u00f3 per mostrar-te anuncis que siguin del teu inter\u00e8s.<\/li>\n<\/ul>\n<p style=\"text-align: left;\"><strong>Consentiment de l'usuari<\/strong><\/p>\n<p style=\"text-align: left;\">En utilitzar el nostre lloc web, acceptes l'\u00fas de cookies d'acord amb aquesta pol\u00edtica. Abans d'utilitzar cookies que no siguin essencials, sol\u00b7licitarem el teu consentiment expl\u00edcit mitjan\u00e7ant un banner de cookies.<\/p>\n<p style=\"text-align: left;\"><strong>Control de cookies<\/strong><\/p>\n<p style=\"text-align: left;\">Pots controlar i gestionar l'\u00fas de cookies al teu dispositiu ajustant la configuraci\u00f3 del teu navegador. No obstant aix\u00f2, desactivar certes cookies pot afectar la funcionalitat del nostre lloc web.<\/p>\n<p style=\"text-align: left;\"><strong>Canvis en la nostra pol\u00edtica de cookies<\/strong><\/p>\n<p style=\"text-align: left;\">Ens reservem el dret d'actualitzar aquesta pol\u00edtica de cookies en qualsevol moment. Qualsevol canvi significatiu ser\u00e0 notificat al nostre lloc web juntament amb la data d'entrada en vigor de la nova pol\u00edtica.<\/p>\n<p style=\"text-align: left;\"><strong>CONTACTE<\/strong><\/p>\n<p style=\"text-align: left;\">Si tens alguna pregunta sobre la nostra pol\u00edtica de cookies, no dubtis a posar-te en contacte amb nosaltres a trav\u00e9s de info@laceramicaria.com<\/p>\n<p>[\/et_pb_text][\/et_pb_column][\/et_pb_row][\/et_pb_section]<\/p>","protected":false},"excerpt":{"rendered":"<p>Pol\u00edtica de cookiesFecha de la \u00faltima actualizaci\u00f3n: 12-03-2024 Esta pol\u00edtica de cookies describe c\u00f3mo La Ceramicaria utiliza cookies y tecnolog\u00edas similares en su sitio web de acuerdo con la normativa espa\u00f1ola sobre protecci\u00f3n de datos y privacidad, incluida la Ley 34\/2002, de 11 de julio, de Servicios de la Sociedad de la Informaci\u00f3n y de [&hellip;]<\/p>","protected":false},"author":2,"featured_media":0,"parent":0,"menu_order":0,"comment_status":"closed","ping_status":"closed","template":"","meta":{"_et_pb_use_builder":"on","_et_pb_old_content":"","_et_gb_content_width":"","footnotes":""},"_links":{"self":[{"href":"https:\/\/laceramicaria.es\/cat\/wp-json\/wp\/v2\/pages\/1511"}],"collection":[{"href":"https:\/\/laceramicaria.es\/cat\/wp-json\/wp\/v2\/pages"}],"about":[{"href":"https:\/\/laceramicaria.es\/cat\/wp-json\/wp\/v2\/types\/page"}],"author":[{"embeddable":true,"href":"https:\/\/laceramicaria.es\/cat\/wp-json\/wp\/v2\/users\/2"}],"replies":[{"embeddable":true,"href":"https:\/\/laceramicaria.es\/cat\/wp-json\/wp\/v2\/comments?post=1511"}],"version-history":[{"count":11,"href":"https:\/\/laceramicaria.es\/cat\/wp-json\/wp\/v2\/pages\/1511\/revisions"}],"predecessor-version":[{"id":7677,"href":"https:\/\/laceramicaria.es\/cat\/wp-json\/wp\/v2\/pages\/1511\/revisions\/7677"}],"wp:attachment":[{"href":"https:\/\/laceramicaria.es\/cat\/wp-json\/wp\/v2\/media?parent=1511"}],"curies":[{"name":"wp","href":"https:\/\/api.w.org\/{rel}","templated":true}]}}